{"id":23,"date":"2013-11-20T08:01:23","date_gmt":"2013-11-20T08:01:23","guid":{"rendered":"http:\/\/fosfatosdelhuila.com\/fhportal\/?page_id=23"},"modified":"2021-10-25T16:15:51","modified_gmt":"2021-10-25T21:15:51","slug":"productos","status":"publish","type":"page","link":"https:\/\/fosfatosdelhuila.com\/fhportal\/productos\/","title":{"rendered":"Productos"},"content":{"rendered":"<p>La forma mas eficaz de aprovechamiento de f\u00f3sforo en sus cultivos de manera econ\u00f3mica y de alta calidad, para la mejor obtenci\u00f3n de cosechas sanas y rentables.<\/p>\n<p style=\"text-align: left;\"><a href=\"https:\/\/fosfatosdelhuila.com\/fhportal\/wp-content\/uploads\/2014\/02\/Aplicaciones.pdf\" target=\"_blank\" rel=\"noopener noreferrer\"><img loading=\"lazy\" decoding=\"async\" class=\"size-full wp-image-96 alignleft\" src=\"https:\/\/fosfatosdelhuila.com\/fhportal\/wp-content\/uploads\/2013\/11\/descarga.jpg\" alt=\"descarga\" width=\"38\" height=\"34\" \/><\/a><\/p>\n<p style=\"text-align: left;\"><a href=\"https:\/\/fosfatosdelhuila.com\/fhportal\/wp-content\/uploads\/2014\/02\/Aplicaciones.pdf\" target=\"_blank\" rel=\"noopener noreferrer\">APLICACIONES DE NUESTRA ROCA FOSF\u00d3RICA<\/a><\/p>\n<p><a href=\"https:\/\/fosfatosdelhuila.com\/fhportal\/wp-content\/uploads\/2014\/02\/LIBRO-APLICACION-ROCA-FOSFORICA1.pdf\" target=\"_blank\" rel=\"noopener noreferrer\"><img loading=\"lazy\" decoding=\"async\" class=\"size-full wp-image-96 alignleft\" src=\"https:\/\/fosfatosdelhuila.com\/fhportal\/wp-content\/uploads\/2013\/11\/descarga.jpg\" alt=\"descarga\" width=\"38\" height=\"34\" \/><\/a><a href=\"https:\/\/fosfatosdelhuila.com\/fhportal\/wp-content\/uploads\/2014\/02\/LIBRO-APLICACION-ROCA-FOSFORICA1.pdf\" target=\"_blank\" rel=\"noopener noreferrer\">LIBRO APLICACI\u00d3N ROCA FOSF\u00d3RICA (FAO)<\/a><\/p>\n<p><a href=\"https:\/\/fosfatosdelhuila.com\/fhportal\/wp-content\/uploads\/2013\/11\/convert-jpg-to-pdf.net_2015-02-03_15-45-04.pdf\" target=\"_blank\" rel=\"noopener noreferrer\"><img loading=\"lazy\" decoding=\"async\" class=\"size-full wp-image-96 alignleft\" src=\"https:\/\/fosfatosdelhuila.com\/fhportal\/wp-content\/uploads\/2013\/11\/descarga.jpg\" alt=\"descarga\" width=\"38\" height=\"34\" \/><\/a><\/p>\n<p><a title=\"REGISTRO UNICO DE COMERCIALIZACION DE MINERALES\" href=\"https:\/\/fosfatosdelhuila.com\/fhportal\/wp-content\/uploads\/2021\/10\/RUCOM-201604156742-19May2021_113529.pdf\" target=\"_blank\" rel=\"noopener noreferrer\">REGISTRO \u00daNICO DE COMERCIALIZADORES DE MINERALES<\/a><\/p>\n<p>&nbsp;<\/p>\n<table style=\"width: 100%; border-collapse: collapse; background-color: #ffffff;\">\n<tbody>\n<tr>\n<td style=\"width: 50%;\"><a href=\"https:\/\/fosfatosdelhuila.com\/fhportal\/wp-content\/uploads\/2021\/10\/FICHA-TECNICA-CALMAGFOS-S-V.1.pdf\" target=\"_blank\" rel=\"noopener\"><img loading=\"lazy\" decoding=\"async\" class=\"aligncenter wp-image-1874 size-medium\" src=\"https:\/\/fosfatosdelhuila.com\/fhportal\/wp-content\/uploads\/2021\/10\/Bulto-Nuevo-CALMAGFOS-FOSFATOS-1-231x300.jpg\" alt=\"\" width=\"231\" height=\"300\" srcset=\"https:\/\/fosfatosdelhuila.com\/fhportal\/wp-content\/uploads\/2021\/10\/Bulto-Nuevo-CALMAGFOS-FOSFATOS-1-231x300.jpg 231w, https:\/\/fosfatosdelhuila.com\/fhportal\/wp-content\/uploads\/2021\/10\/Bulto-Nuevo-CALMAGFOS-FOSFATOS-1-790x1024.jpg 790w, https:\/\/fosfatosdelhuila.com\/fhportal\/wp-content\/uploads\/2021\/10\/Bulto-Nuevo-CALMAGFOS-FOSFATOS-1-768x996.jpg 768w, https:\/\/fosfatosdelhuila.com\/fhportal\/wp-content\/uploads\/2021\/10\/Bulto-Nuevo-CALMAGFOS-FOSFATOS-1.jpg 1123w\" sizes=\"auto, (max-width: 231px) 100vw, 231px\" \/><\/a><\/td>\n<td style=\"width: 50%;\"><a href=\"https:\/\/fosfatosdelhuila.com\/fhportal\/wp-content\/uploads\/2021\/10\/FICHA-TECNICA-OLAFOS-S-V.5.pdf\" target=\"_blank\" rel=\"noopener\"><img loading=\"lazy\" decoding=\"async\" class=\"aligncenter wp-image-1877 size-medium\" src=\"https:\/\/fosfatosdelhuila.com\/fhportal\/wp-content\/uploads\/2021\/10\/Bulto-Nuevo-OLAFOS-S-1-232x300.jpg\" alt=\"\" width=\"232\" height=\"300\" srcset=\"https:\/\/fosfatosdelhuila.com\/fhportal\/wp-content\/uploads\/2021\/10\/Bulto-Nuevo-OLAFOS-S-1-232x300.jpg 232w, https:\/\/fosfatosdelhuila.com\/fhportal\/wp-content\/uploads\/2021\/10\/Bulto-Nuevo-OLAFOS-S-1-791x1024.jpg 791w, https:\/\/fosfatosdelhuila.com\/fhportal\/wp-content\/uploads\/2021\/10\/Bulto-Nuevo-OLAFOS-S-1-768x994.jpg 768w, https:\/\/fosfatosdelhuila.com\/fhportal\/wp-content\/uploads\/2021\/10\/Bulto-Nuevo-OLAFOS-S-1.jpg 1131w\" sizes=\"auto, (max-width: 232px) 100vw, 232px\" \/><\/a><\/td>\n<\/tr>\n<tr>\n<td style=\"width: 50%;\"><a href=\"https:\/\/fosfatosdelhuila.com\/fhportal\/wp-content\/uploads\/2021\/10\/FICHA-TECNICA-OLAFOS-S-SBZn-V.1.pdf\" target=\"_blank\" rel=\"noopener\"><img loading=\"lazy\" decoding=\"async\" class=\"aligncenter wp-image-1876 size-medium\" src=\"https:\/\/fosfatosdelhuila.com\/fhportal\/wp-content\/uploads\/2021\/10\/Bulto-Nuevo-OLAFO-SBZn-FOSFATOS-1-232x300.jpg\" alt=\"\" width=\"232\" height=\"300\" srcset=\"https:\/\/fosfatosdelhuila.com\/fhportal\/wp-content\/uploads\/2021\/10\/Bulto-Nuevo-OLAFO-SBZn-FOSFATOS-1-232x300.jpg 232w, https:\/\/fosfatosdelhuila.com\/fhportal\/wp-content\/uploads\/2021\/10\/Bulto-Nuevo-OLAFO-SBZn-FOSFATOS-1-792x1024.jpg 792w, https:\/\/fosfatosdelhuila.com\/fhportal\/wp-content\/uploads\/2021\/10\/Bulto-Nuevo-OLAFO-SBZn-FOSFATOS-1-768x993.jpg 768w, https:\/\/fosfatosdelhuila.com\/fhportal\/wp-content\/uploads\/2021\/10\/Bulto-Nuevo-OLAFO-SBZn-FOSFATOS-1.jpg 1131w\" sizes=\"auto, (max-width: 232px) 100vw, 232px\" \/><\/a><\/td>\n<td style=\"width: 50%;\"><a href=\"https:\/\/fosfatosdelhuila.com\/fhportal\/wp-content\/uploads\/2021\/10\/FICHA-TECNICA-AGROFOSFAT-GRANULADO-V.3.pdf\" target=\"_blank\" rel=\"noopener\"><img loading=\"lazy\" decoding=\"async\" class=\"aligncenter wp-image-1873 size-medium\" src=\"https:\/\/fosfatosdelhuila.com\/fhportal\/wp-content\/uploads\/2021\/10\/Bulto-Nuevo-AGROFOSFAT-1-232x300.jpg\" alt=\"\" width=\"232\" height=\"300\" srcset=\"https:\/\/fosfatosdelhuila.com\/fhportal\/wp-content\/uploads\/2021\/10\/Bulto-Nuevo-AGROFOSFAT-1-232x300.jpg 232w, https:\/\/fosfatosdelhuila.com\/fhportal\/wp-content\/uploads\/2021\/10\/Bulto-Nuevo-AGROFOSFAT-1-791x1024.jpg 791w, https:\/\/fosfatosdelhuila.com\/fhportal\/wp-content\/uploads\/2021\/10\/Bulto-Nuevo-AGROFOSFAT-1-768x994.jpg 768w, https:\/\/fosfatosdelhuila.com\/fhportal\/wp-content\/uploads\/2021\/10\/Bulto-Nuevo-AGROFOSFAT-1.jpg 1131w\" sizes=\"auto, (max-width: 232px) 100vw, 232px\" \/><\/a><\/td>\n<\/tr>\n<tr>\n<td style=\"width: 100%; text-align: center;\" colspan=\"2\"><a href=\"https:\/\/fosfatosdelhuila.com\/fhportal\/wp-content\/uploads\/2021\/10\/FICHA-TECNICA-FOSFORITA-28P-V.9.pdf\" target=\"_blank\" rel=\"noopener\"><img loading=\"lazy\" decoding=\"async\" class=\"aligncenter wp-image-1875 size-medium\" src=\"https:\/\/fosfatosdelhuila.com\/fhportal\/wp-content\/uploads\/2021\/10\/Bulto-Nuevo-FOSFORITA-28P-1-232x300.jpg\" alt=\"\" width=\"232\" height=\"300\" srcset=\"https:\/\/fosfatosdelhuila.com\/fhportal\/wp-content\/uploads\/2021\/10\/Bulto-Nuevo-FOSFORITA-28P-1-232x300.jpg 232w, https:\/\/fosfatosdelhuila.com\/fhportal\/wp-content\/uploads\/2021\/10\/Bulto-Nuevo-FOSFORITA-28P-1-791x1024.jpg 791w, https:\/\/fosfatosdelhuila.com\/fhportal\/wp-content\/uploads\/2021\/10\/Bulto-Nuevo-FOSFORITA-28P-1-768x994.jpg 768w, https:\/\/fosfatosdelhuila.com\/fhportal\/wp-content\/uploads\/2021\/10\/Bulto-Nuevo-FOSFORITA-28P-1.jpg 1131w\" sizes=\"auto, (max-width: 232px) 100vw, 232px\" \/><\/a><\/td>\n<\/tr>\n<\/tbody>\n<\/table>\n<p>&nbsp;<\/p>\n","protected":false},"excerpt":{"rendered":"<p>La forma mas eficaz de aprovechamiento de f\u00f3sforo en sus cultivos de manera econ\u00f3mica y de alta calidad, para la mejor obtenci\u00f3n de cosechas sanas y rentables. APLICACIONES DE NUESTRA ROCA FOSF\u00d3RICA LIBRO APLICACI\u00d3N ROCA FOSF\u00d3RICA (FAO) REGISTRO \u00daNICO DE COMERCIALIZADORES DE MINERALES &nbsp; &nbsp;<\/p>\n","protected":false},"author":1,"featured_media":0,"parent":0,"menu_order":20,"comment_status":"closed","ping_status":"closed","template":"","meta":{"footnotes":""},"class_list":["post-23","page","type-page","status-publish","hentry"],"yoast_head":"<!-- This site is optimized with the Yoast SEO plugin v26.6 - https:\/\/yoast.com\/wordpress\/plugins\/seo\/ -->\n<title>Productos - Fosfatos del Huila S.A.<\/title>\n<meta name=\"robots\" content=\"index, follow, max-snippet:-1, max-image-preview:large, max-video-preview:-1\" \/>\n<link rel=\"canonical\" href=\"https:\/\/fosfatosdelhuila.com\/fhportal\/productos\/\" \/>\n<meta property=\"og:locale\" content=\"es_ES\" \/>\n<meta property=\"og:type\" content=\"article\" \/>\n<meta property=\"og:title\" content=\"Productos - Fosfatos del Huila S.A.\" \/>\n<meta property=\"og:description\" content=\"La forma mas eficaz de aprovechamiento de f\u00f3sforo en sus cultivos de manera econ\u00f3mica y de alta calidad, para la mejor obtenci\u00f3n de cosechas sanas y rentables. APLICACIONES DE NUESTRA ROCA FOSF\u00d3RICA LIBRO APLICACI\u00d3N ROCA FOSF\u00d3RICA (FAO) REGISTRO \u00daNICO DE COMERCIALIZADORES DE MINERALES &nbsp; &nbsp;\" \/>\n<meta property=\"og:url\" content=\"https:\/\/fosfatosdelhuila.com\/fhportal\/productos\/\" \/>\n<meta property=\"og:site_name\" content=\"Fosfatos del Huila S.A.\" \/>\n<meta property=\"article:modified_time\" content=\"2021-10-25T21:15:51+00:00\" \/>\n<meta property=\"og:image\" content=\"http:\/\/fosfatosdelhuila.com\/fhportal\/wp-content\/uploads\/2013\/11\/descarga.jpg\" \/>\n<meta name=\"twitter:card\" content=\"summary_large_image\" \/>\n<meta name=\"twitter:label1\" content=\"Tiempo de lectura\" \/>\n\t<meta name=\"twitter:data1\" content=\"2 minutos\" \/>\n<script type=\"application\/ld+json\" class=\"yoast-schema-graph\">{\"@context\":\"https:\/\/schema.org\",\"@graph\":[{\"@type\":\"WebPage\",\"@id\":\"https:\/\/fosfatosdelhuila.com\/fhportal\/productos\/\",\"url\":\"https:\/\/fosfatosdelhuila.com\/fhportal\/productos\/\",\"name\":\"Productos - Fosfatos del Huila S.A.\",\"isPartOf\":{\"@id\":\"https:\/\/fosfatosdelhuila.com\/fhportal\/#website\"},\"primaryImageOfPage\":{\"@id\":\"https:\/\/fosfatosdelhuila.com\/fhportal\/productos\/#primaryimage\"},\"image\":{\"@id\":\"https:\/\/fosfatosdelhuila.com\/fhportal\/productos\/#primaryimage\"},\"thumbnailUrl\":\"http:\/\/fosfatosdelhuila.com\/fhportal\/wp-content\/uploads\/2013\/11\/descarga.jpg\",\"datePublished\":\"2013-11-20T08:01:23+00:00\",\"dateModified\":\"2021-10-25T21:15:51+00:00\",\"breadcrumb\":{\"@id\":\"https:\/\/fosfatosdelhuila.com\/fhportal\/productos\/#breadcrumb\"},\"inLanguage\":\"es\",\"potentialAction\":[{\"@type\":\"ReadAction\",\"target\":[\"https:\/\/fosfatosdelhuila.com\/fhportal\/productos\/\"]}]},{\"@type\":\"ImageObject\",\"inLanguage\":\"es\",\"@id\":\"https:\/\/fosfatosdelhuila.com\/fhportal\/productos\/#primaryimage\",\"url\":\"http:\/\/fosfatosdelhuila.com\/fhportal\/wp-content\/uploads\/2013\/11\/descarga.jpg\",\"contentUrl\":\"http:\/\/fosfatosdelhuila.com\/fhportal\/wp-content\/uploads\/2013\/11\/descarga.jpg\"},{\"@type\":\"BreadcrumbList\",\"@id\":\"https:\/\/fosfatosdelhuila.com\/fhportal\/productos\/#breadcrumb\",\"itemListElement\":[{\"@type\":\"ListItem\",\"position\":1,\"name\":\"Portada\",\"item\":\"https:\/\/fosfatosdelhuila.com\/fhportal\/\"},{\"@type\":\"ListItem\",\"position\":2,\"name\":\"Productos\"}]},{\"@type\":\"WebSite\",\"@id\":\"https:\/\/fosfatosdelhuila.com\/fhportal\/#website\",\"url\":\"https:\/\/fosfatosdelhuila.com\/fhportal\/\",\"name\":\"Fosfatos del Huila S.A.\",\"description\":\"Empresa productora y comercializadora de fertilizantes\",\"publisher\":{\"@id\":\"https:\/\/fosfatosdelhuila.com\/fhportal\/#organization\"},\"potentialAction\":[{\"@type\":\"SearchAction\",\"target\":{\"@type\":\"EntryPoint\",\"urlTemplate\":\"https:\/\/fosfatosdelhuila.com\/fhportal\/?s={search_term_string}\"},\"query-input\":{\"@type\":\"PropertyValueSpecification\",\"valueRequired\":true,\"valueName\":\"search_term_string\"}}],\"inLanguage\":\"es\"},{\"@type\":\"Organization\",\"@id\":\"https:\/\/fosfatosdelhuila.com\/fhportal\/#organization\",\"name\":\"Empresa de Fosfatos del Huila S.A.\",\"url\":\"https:\/\/fosfatosdelhuila.com\/fhportal\/\",\"logo\":{\"@type\":\"ImageObject\",\"inLanguage\":\"es\",\"@id\":\"https:\/\/fosfatosdelhuila.com\/fhportal\/#\/schema\/logo\/image\/\",\"url\":\"https:\/\/fosfatosdelhuila.com\/fhportal\/wp-content\/uploads\/2013\/11\/logo1.jpg\",\"contentUrl\":\"https:\/\/fosfatosdelhuila.com\/fhportal\/wp-content\/uploads\/2013\/11\/logo1.jpg\",\"width\":231,\"height\":110,\"caption\":\"Empresa de Fosfatos del Huila S.A.\"},\"image\":{\"@id\":\"https:\/\/fosfatosdelhuila.com\/fhportal\/#\/schema\/logo\/image\/\"}}]}<\/script>\n<!-- \/ Yoast SEO plugin. -->","yoast_head_json":{"title":"Productos - Fosfatos del Huila S.A.","robots":{"index":"index","follow":"follow","max-snippet":"max-snippet:-1","max-image-preview":"max-image-preview:large","max-video-preview":"max-video-preview:-1"},"canonical":"https:\/\/fosfatosdelhuila.com\/fhportal\/productos\/","og_locale":"es_ES","og_type":"article","og_title":"Productos - Fosfatos del Huila S.A.","og_description":"La forma mas eficaz de aprovechamiento de f\u00f3sforo en sus cultivos de manera econ\u00f3mica y de alta calidad, para la mejor obtenci\u00f3n de cosechas sanas y rentables. APLICACIONES DE NUESTRA ROCA FOSF\u00d3RICA LIBRO APLICACI\u00d3N ROCA FOSF\u00d3RICA (FAO) REGISTRO \u00daNICO DE COMERCIALIZADORES DE MINERALES &nbsp; &nbsp;","og_url":"https:\/\/fosfatosdelhuila.com\/fhportal\/productos\/","og_site_name":"Fosfatos del Huila S.A.","article_modified_time":"2021-10-25T21:15:51+00:00","og_image":[{"url":"http:\/\/fosfatosdelhuila.com\/fhportal\/wp-content\/uploads\/2013\/11\/descarga.jpg","type":"","width":"","height":""}],"twitter_card":"summary_large_image","twitter_misc":{"Tiempo de lectura":"2 minutos"},"schema":{"@context":"https:\/\/schema.org","@graph":[{"@type":"WebPage","@id":"https:\/\/fosfatosdelhuila.com\/fhportal\/productos\/","url":"https:\/\/fosfatosdelhuila.com\/fhportal\/productos\/","name":"Productos - Fosfatos del Huila S.A.","isPartOf":{"@id":"https:\/\/fosfatosdelhuila.com\/fhportal\/#website"},"primaryImageOfPage":{"@id":"https:\/\/fosfatosdelhuila.com\/fhportal\/productos\/#primaryimage"},"image":{"@id":"https:\/\/fosfatosdelhuila.com\/fhportal\/productos\/#primaryimage"},"thumbnailUrl":"http:\/\/fosfatosdelhuila.com\/fhportal\/wp-content\/uploads\/2013\/11\/descarga.jpg","datePublished":"2013-11-20T08:01:23+00:00","dateModified":"2021-10-25T21:15:51+00:00","breadcrumb":{"@id":"https:\/\/fosfatosdelhuila.com\/fhportal\/productos\/#breadcrumb"},"inLanguage":"es","potentialAction":[{"@type":"ReadAction","target":["https:\/\/fosfatosdelhuila.com\/fhportal\/productos\/"]}]},{"@type":"ImageObject","inLanguage":"es","@id":"https:\/\/fosfatosdelhuila.com\/fhportal\/productos\/#primaryimage","url":"http:\/\/fosfatosdelhuila.com\/fhportal\/wp-content\/uploads\/2013\/11\/descarga.jpg","contentUrl":"http:\/\/fosfatosdelhuila.com\/fhportal\/wp-content\/uploads\/2013\/11\/descarga.jpg"},{"@type":"BreadcrumbList","@id":"https:\/\/fosfatosdelhuila.com\/fhportal\/productos\/#breadcrumb","itemListElement":[{"@type":"ListItem","position":1,"name":"Portada","item":"https:\/\/fosfatosdelhuila.com\/fhportal\/"},{"@type":"ListItem","position":2,"name":"Productos"}]},{"@type":"WebSite","@id":"https:\/\/fosfatosdelhuila.com\/fhportal\/#website","url":"https:\/\/fosfatosdelhuila.com\/fhportal\/","name":"Fosfatos del Huila S.A.","description":"Empresa productora y comercializadora de fertilizantes","publisher":{"@id":"https:\/\/fosfatosdelhuila.com\/fhportal\/#organization"},"potentialAction":[{"@type":"SearchAction","target":{"@type":"EntryPoint","urlTemplate":"https:\/\/fosfatosdelhuila.com\/fhportal\/?s={search_term_string}"},"query-input":{"@type":"PropertyValueSpecification","valueRequired":true,"valueName":"search_term_string"}}],"inLanguage":"es"},{"@type":"Organization","@id":"https:\/\/fosfatosdelhuila.com\/fhportal\/#organization","name":"Empresa de Fosfatos del Huila S.A.","url":"https:\/\/fosfatosdelhuila.com\/fhportal\/","logo":{"@type":"ImageObject","inLanguage":"es","@id":"https:\/\/fosfatosdelhuila.com\/fhportal\/#\/schema\/logo\/image\/","url":"https:\/\/fosfatosdelhuila.com\/fhportal\/wp-content\/uploads\/2013\/11\/logo1.jpg","contentUrl":"https:\/\/fosfatosdelhuila.com\/fhportal\/wp-content\/uploads\/2013\/11\/logo1.jpg","width":231,"height":110,"caption":"Empresa de Fosfatos del Huila S.A."},"image":{"@id":"https:\/\/fosfatosdelhuila.com\/fhportal\/#\/schema\/logo\/image\/"}}]}},"_links":{"self":[{"href":"https:\/\/fosfatosdelhuila.com\/fhportal\/wp-json\/wp\/v2\/pages\/23","targetHints":{"allow":["GET"]}}],"collection":[{"href":"https:\/\/fosfatosdelhuila.com\/fhportal\/wp-json\/wp\/v2\/pages"}],"about":[{"href":"https:\/\/fosfatosdelhuila.com\/fhportal\/wp-json\/wp\/v2\/types\/page"}],"author":[{"embeddable":true,"href":"https:\/\/fosfatosdelhuila.com\/fhportal\/wp-json\/wp\/v2\/users\/1"}],"replies":[{"embeddable":true,"href":"https:\/\/fosfatosdelhuila.com\/fhportal\/wp-json\/wp\/v2\/comments?post=23"}],"version-history":[{"count":0,"href":"https:\/\/fosfatosdelhuila.com\/fhportal\/wp-json\/wp\/v2\/pages\/23\/revisions"}],"wp:attachment":[{"href":"https:\/\/fosfatosdelhuila.com\/fhportal\/wp-json\/wp\/v2\/media?parent=23"}],"curies":[{"name":"wp","href":"https:\/\/api.w.org\/{rel}","templated":true}]}}