{"id":31,"date":"2013-11-20T08:03:17","date_gmt":"2013-11-20T08:03:17","guid":{"rendered":"http:\/\/fosfatosdelhuila.com\/fhportal\/?page_id=31"},"modified":"2024-04-19T07:50:18","modified_gmt":"2024-04-19T12:50:18","slug":"contactenos","status":"publish","type":"page","link":"https:\/\/fosfatosdelhuila.com\/fhportal\/contactenos\/","title":{"rendered":"Cont\u00e1ctenos"},"content":{"rendered":"<p>Este es un canal de comunicaci\u00f3n para nuestros clientes y la comunidad, donde atenderemos sus inquietudes, sugerencias, quejas y reclamos en cuanto a nuestros productos, procesos y practicas de la organizaci\u00f3n, incluidos aspectos de seguridad, salud en el trabajo y medio ambiente.<\/p>\n\n<div class=\"wpcf7 no-js\" id=\"wpcf7-f890-o1\" lang=\"es-ES\" dir=\"ltr\" data-wpcf7-id=\"890\">\n<div class=\"screen-reader-response\"><p role=\"status\" aria-live=\"polite\" aria-atomic=\"true\"><\/p> <ul><\/ul><\/div>\n<form action=\"\/fhportal\/wp-json\/wp\/v2\/pages\/31#wpcf7-f890-o1\" method=\"post\" class=\"wpcf7-form init\" aria-label=\"Formulario de contacto\" novalidate=\"novalidate\" data-status=\"init\">\n<fieldset class=\"hidden-fields-container\"><input type=\"hidden\" name=\"_wpcf7\" value=\"890\" \/><input type=\"hidden\" name=\"_wpcf7_version\" value=\"6.1.5\" \/><input type=\"hidden\" name=\"_wpcf7_locale\" value=\"es_ES\" \/><input type=\"hidden\" name=\"_wpcf7_unit_tag\" value=\"wpcf7-f890-o1\" \/><input type=\"hidden\" name=\"_wpcf7_container_post\" value=\"0\" \/><input type=\"hidden\" name=\"_wpcf7_posted_data_hash\" value=\"\" \/><input type=\"hidden\" name=\"_wpcf7_recaptcha_response\" value=\"\" \/>\n<\/fieldset>\n<p><label> Nombre (requerido)<br \/>\n<span class=\"wpcf7-form-control-wrap\" data-name=\"your-name\"><input size=\"40\" maxlength=\"400\" class=\"wpcf7-form-control wpcf7-text wpcf7-validates-as-required\" aria-required=\"true\" aria-invalid=\"false\" value=\"\" type=\"text\" name=\"your-name\" \/><\/span> <\/label>\n<\/p>\n<p><label> Tu correo electr\u00f3nico (requerido)<br \/>\n<span class=\"wpcf7-form-control-wrap\" data-name=\"your-email\"><input size=\"40\" maxlength=\"400\" class=\"wpcf7-form-control wpcf7-email wpcf7-validates-as-required wpcf7-text wpcf7-validates-as-email\" aria-required=\"true\" aria-invalid=\"false\" value=\"\" type=\"email\" name=\"your-email\" \/><\/span> <\/label>\n<\/p>\n<p><label> Tu N\u00famero de contacto (requerido)<br \/>\n<span class=\"wpcf7-form-control-wrap\" data-name=\"tel\"><input size=\"40\" maxlength=\"400\" class=\"wpcf7-form-control wpcf7-tel wpcf7-validates-as-required wpcf7-text wpcf7-validates-as-tel\" aria-required=\"true\" aria-invalid=\"false\" value=\"\" type=\"tel\" name=\"tel\" \/><\/span><\/label>\n<\/p>\n<p><label> Asunto<br \/>\n<span class=\"wpcf7-form-control-wrap\" data-name=\"your-subject\"><input size=\"40\" maxlength=\"400\" class=\"wpcf7-form-control wpcf7-text\" aria-invalid=\"false\" value=\"\" type=\"text\" name=\"your-subject\" \/><\/span> <\/label>\n<\/p>\n<p><label> Mensaje<br \/>\n<span class=\"wpcf7-form-control-wrap\" data-name=\"your-message\"><textarea cols=\"40\" rows=\"10\" maxlength=\"2000\" class=\"wpcf7-form-control wpcf7-textarea\" aria-invalid=\"false\" name=\"your-message\"><\/textarea><\/span> <\/label>\n<\/p>\n<p><span class=\"wpcf7-form-control-wrap\" data-name=\"politicadatos\"><span class=\"wpcf7-form-control wpcf7-checkbox wpcf7-validates-as-required\"><span class=\"wpcf7-list-item first last\"><input type=\"checkbox\" name=\"politicadatos[]\" value=\"Acepto el uso de mis datos seg\u00fan la\" \/><span class=\"wpcf7-list-item-label\">Acepto el uso de mis datos seg\u00fan la<\/span><\/span><\/span><\/span><A HREF=\"http:\/\/fosfatosdelhuila.com\/fhportal\/proteccion-de-datos\/\" TARGET=\"_new\">Pol\u00edtica de protecci\u00f3n de datos de Fosfatos del Huila<\/a>\n<\/p>\n\n<p><input class=\"wpcf7-form-control wpcf7-submit has-spinner\" type=\"submit\" value=\"Enviar\" \/>\n<\/p><p style=\"display: none !important;\" class=\"akismet-fields-container\" data-prefix=\"_wpcf7_ak_\"><label>&#916;<textarea name=\"_wpcf7_ak_hp_textarea\" cols=\"45\" rows=\"8\" maxlength=\"100\"><\/textarea><\/label><input type=\"hidden\" id=\"ak_js_1\" name=\"_wpcf7_ak_js\" value=\"24\"\/><script>document.getElementById( \"ak_js_1\" ).setAttribute( \"value\", ( new Date() ).getTime() );<\/script><\/p><div class=\"wpcf7-response-output\" aria-hidden=\"true\"><\/div>\n<\/form>\n<\/div>\n\n<p>*Al proporcionar sus datos personales en este formulario, usted autoriza la inclusi\u00f3n de estos en una base de datos que ser\u00e1 administrada por Fosfatos del Huila de acuerdo a su pol\u00edtica de protecci\u00f3n de datos disponible en la p\u00e1gina web www.fosfatosdelhuila.com. Los datos aqu\u00ed registrados ser\u00e1n usados exclusivamente para control y seguimiento de su solicitud.<\/p>\n<p align=\"center\"><iframe loading=\"lazy\" style=\"border: 0;\" src=\"https:\/\/www.google.com\/maps\/embed?pb=!1m18!1m12!1m3!1d3984.5727597223645!2d-75.29661888515048!3d2.9383573978599107!2m3!1f0!2f0!3f0!3m2!1i1024!2i768!4f13.1!3m3!1m2!1s0x8e3b745ffbe1fe01%3A0xc93a80c2b425d93a!2sFosfatos+del+Huila+S.A.!5e0!3m2!1ses-419!2sco!4v1526075448536\" width=\"400\" height=\"300\" frameborder=\"0\" allowfullscreen=\"allowfullscreen\"><\/iframe><\/p>\n<p align=\"center\"><a href=\"https:\/\/fosfatosdelhuila.com\/fhportal\/wp-content\/uploads\/2024\/04\/firma-pagina-web-1.png\"><img loading=\"lazy\" decoding=\"async\" class=\"aligncenter size-full wp-image-2445\" src=\"https:\/\/fosfatosdelhuila.com\/fhportal\/wp-content\/uploads\/2024\/04\/firma-pagina-web-1.png\" alt=\"\" width=\"500\" height=\"145\" srcset=\"https:\/\/fosfatosdelhuila.com\/fhportal\/wp-content\/uploads\/2024\/04\/firma-pagina-web-1.png 500w, https:\/\/fosfatosdelhuila.com\/fhportal\/wp-content\/uploads\/2024\/04\/firma-pagina-web-1-300x87.png 300w\" sizes=\"auto, (max-width: 500px) 100vw, 500px\" \/><\/a><\/p>\n<p align=\"center\">\n","protected":false},"excerpt":{"rendered":"<p>Este es un canal de comunicaci\u00f3n para nuestros clientes y la comunidad, donde atenderemos sus inquietudes, sugerencias, quejas y reclamos en cuanto a nuestros productos, procesos y practicas de la organizaci\u00f3n, incluidos aspectos de seguridad, salud en el trabajo y medio ambiente. *Al proporcionar sus datos personales en este formulario, usted autoriza la inclusi\u00f3n de<a href=\"https:\/\/fosfatosdelhuila.com\/fhportal\/contactenos\/\" class=\"read-more\">Read More &#8230;<\/a><\/p>\n","protected":false},"author":1,"featured_media":0,"parent":0,"menu_order":60,"comment_status":"closed","ping_status":"closed","template":"","meta":{"footnotes":""},"class_list":["post-31","page","type-page","status-publish","hentry"],"yoast_head":"<!-- This site is optimized with the Yoast SEO plugin v26.6 - https:\/\/yoast.com\/wordpress\/plugins\/seo\/ -->\n<title>Cont\u00e1ctenos - Fosfatos del Huila S.A.<\/title>\n<meta name=\"description\" content=\"contacto fosfatos del huila\" \/>\n<meta name=\"robots\" content=\"index, follow, max-snippet:-1, max-image-preview:large, max-video-preview:-1\" \/>\n<link rel=\"canonical\" href=\"https:\/\/fosfatosdelhuila.com\/fhportal\/contactenos\/\" \/>\n<meta property=\"og:locale\" content=\"es_ES\" \/>\n<meta property=\"og:type\" content=\"article\" \/>\n<meta property=\"og:title\" content=\"Cont\u00e1ctenos - Fosfatos del Huila S.A.\" \/>\n<meta property=\"og:description\" content=\"contacto fosfatos del huila\" \/>\n<meta property=\"og:url\" content=\"https:\/\/fosfatosdelhuila.com\/fhportal\/contactenos\/\" \/>\n<meta property=\"og:site_name\" content=\"Fosfatos del Huila S.A.\" \/>\n<meta property=\"article:modified_time\" content=\"2024-04-19T12:50:18+00:00\" \/>\n<meta property=\"og:image\" content=\"https:\/\/fosfatosdelhuila.com\/fhportal\/wp-content\/uploads\/2024\/04\/firma-pagina-web-1.png\" \/>\n<meta name=\"twitter:card\" content=\"summary_large_image\" \/>\n<meta name=\"twitter:label1\" content=\"Tiempo de lectura\" \/>\n\t<meta name=\"twitter:data1\" content=\"1 minuto\" \/>\n<script type=\"application\/ld+json\" class=\"yoast-schema-graph\">{\"@context\":\"https:\/\/schema.org\",\"@graph\":[{\"@type\":\"WebPage\",\"@id\":\"https:\/\/fosfatosdelhuila.com\/fhportal\/contactenos\/\",\"url\":\"https:\/\/fosfatosdelhuila.com\/fhportal\/contactenos\/\",\"name\":\"Cont\u00e1ctenos - Fosfatos del Huila S.A.\",\"isPartOf\":{\"@id\":\"https:\/\/fosfatosdelhuila.com\/fhportal\/#website\"},\"primaryImageOfPage\":{\"@id\":\"https:\/\/fosfatosdelhuila.com\/fhportal\/contactenos\/#primaryimage\"},\"image\":{\"@id\":\"https:\/\/fosfatosdelhuila.com\/fhportal\/contactenos\/#primaryimage\"},\"thumbnailUrl\":\"https:\/\/fosfatosdelhuila.com\/fhportal\/wp-content\/uploads\/2024\/04\/firma-pagina-web-1.png\",\"datePublished\":\"2013-11-20T08:03:17+00:00\",\"dateModified\":\"2024-04-19T12:50:18+00:00\",\"description\":\"contacto fosfatos del huila\",\"breadcrumb\":{\"@id\":\"https:\/\/fosfatosdelhuila.com\/fhportal\/contactenos\/#breadcrumb\"},\"inLanguage\":\"es\",\"potentialAction\":[{\"@type\":\"ReadAction\",\"target\":[\"https:\/\/fosfatosdelhuila.com\/fhportal\/contactenos\/\"]}]},{\"@type\":\"ImageObject\",\"inLanguage\":\"es\",\"@id\":\"https:\/\/fosfatosdelhuila.com\/fhportal\/contactenos\/#primaryimage\",\"url\":\"https:\/\/fosfatosdelhuila.com\/fhportal\/wp-content\/uploads\/2024\/04\/firma-pagina-web-1.png\",\"contentUrl\":\"https:\/\/fosfatosdelhuila.com\/fhportal\/wp-content\/uploads\/2024\/04\/firma-pagina-web-1.png\"},{\"@type\":\"BreadcrumbList\",\"@id\":\"https:\/\/fosfatosdelhuila.com\/fhportal\/contactenos\/#breadcrumb\",\"itemListElement\":[{\"@type\":\"ListItem\",\"position\":1,\"name\":\"Portada\",\"item\":\"https:\/\/fosfatosdelhuila.com\/fhportal\/\"},{\"@type\":\"ListItem\",\"position\":2,\"name\":\"Cont\u00e1ctenos\"}]},{\"@type\":\"WebSite\",\"@id\":\"https:\/\/fosfatosdelhuila.com\/fhportal\/#website\",\"url\":\"https:\/\/fosfatosdelhuila.com\/fhportal\/\",\"name\":\"Fosfatos del Huila S.A.\",\"description\":\"Empresa productora y comercializadora de fertilizantes\",\"publisher\":{\"@id\":\"https:\/\/fosfatosdelhuila.com\/fhportal\/#organization\"},\"potentialAction\":[{\"@type\":\"SearchAction\",\"target\":{\"@type\":\"EntryPoint\",\"urlTemplate\":\"https:\/\/fosfatosdelhuila.com\/fhportal\/?s={search_term_string}\"},\"query-input\":{\"@type\":\"PropertyValueSpecification\",\"valueRequired\":true,\"valueName\":\"search_term_string\"}}],\"inLanguage\":\"es\"},{\"@type\":\"Organization\",\"@id\":\"https:\/\/fosfatosdelhuila.com\/fhportal\/#organization\",\"name\":\"Empresa de Fosfatos del Huila S.A.\",\"url\":\"https:\/\/fosfatosdelhuila.com\/fhportal\/\",\"logo\":{\"@type\":\"ImageObject\",\"inLanguage\":\"es\",\"@id\":\"https:\/\/fosfatosdelhuila.com\/fhportal\/#\/schema\/logo\/image\/\",\"url\":\"https:\/\/fosfatosdelhuila.com\/fhportal\/wp-content\/uploads\/2013\/11\/logo1.jpg\",\"contentUrl\":\"https:\/\/fosfatosdelhuila.com\/fhportal\/wp-content\/uploads\/2013\/11\/logo1.jpg\",\"width\":231,\"height\":110,\"caption\":\"Empresa de Fosfatos del Huila S.A.\"},\"image\":{\"@id\":\"https:\/\/fosfatosdelhuila.com\/fhportal\/#\/schema\/logo\/image\/\"}}]}<\/script>\n<!-- \/ Yoast SEO plugin. -->","yoast_head_json":{"title":"Cont\u00e1ctenos - Fosfatos del Huila S.A.","description":"contacto fosfatos del huila","robots":{"index":"index","follow":"follow","max-snippet":"max-snippet:-1","max-image-preview":"max-image-preview:large","max-video-preview":"max-video-preview:-1"},"canonical":"https:\/\/fosfatosdelhuila.com\/fhportal\/contactenos\/","og_locale":"es_ES","og_type":"article","og_title":"Cont\u00e1ctenos - Fosfatos del Huila S.A.","og_description":"contacto fosfatos del huila","og_url":"https:\/\/fosfatosdelhuila.com\/fhportal\/contactenos\/","og_site_name":"Fosfatos del Huila S.A.","article_modified_time":"2024-04-19T12:50:18+00:00","og_image":[{"url":"https:\/\/fosfatosdelhuila.com\/fhportal\/wp-content\/uploads\/2024\/04\/firma-pagina-web-1.png","type":"","width":"","height":""}],"twitter_card":"summary_large_image","twitter_misc":{"Tiempo de lectura":"1 minuto"},"schema":{"@context":"https:\/\/schema.org","@graph":[{"@type":"WebPage","@id":"https:\/\/fosfatosdelhuila.com\/fhportal\/contactenos\/","url":"https:\/\/fosfatosdelhuila.com\/fhportal\/contactenos\/","name":"Cont\u00e1ctenos - Fosfatos del Huila S.A.","isPartOf":{"@id":"https:\/\/fosfatosdelhuila.com\/fhportal\/#website"},"primaryImageOfPage":{"@id":"https:\/\/fosfatosdelhuila.com\/fhportal\/contactenos\/#primaryimage"},"image":{"@id":"https:\/\/fosfatosdelhuila.com\/fhportal\/contactenos\/#primaryimage"},"thumbnailUrl":"https:\/\/fosfatosdelhuila.com\/fhportal\/wp-content\/uploads\/2024\/04\/firma-pagina-web-1.png","datePublished":"2013-11-20T08:03:17+00:00","dateModified":"2024-04-19T12:50:18+00:00","description":"contacto fosfatos del huila","breadcrumb":{"@id":"https:\/\/fosfatosdelhuila.com\/fhportal\/contactenos\/#breadcrumb"},"inLanguage":"es","potentialAction":[{"@type":"ReadAction","target":["https:\/\/fosfatosdelhuila.com\/fhportal\/contactenos\/"]}]},{"@type":"ImageObject","inLanguage":"es","@id":"https:\/\/fosfatosdelhuila.com\/fhportal\/contactenos\/#primaryimage","url":"https:\/\/fosfatosdelhuila.com\/fhportal\/wp-content\/uploads\/2024\/04\/firma-pagina-web-1.png","contentUrl":"https:\/\/fosfatosdelhuila.com\/fhportal\/wp-content\/uploads\/2024\/04\/firma-pagina-web-1.png"},{"@type":"BreadcrumbList","@id":"https:\/\/fosfatosdelhuila.com\/fhportal\/contactenos\/#breadcrumb","itemListElement":[{"@type":"ListItem","position":1,"name":"Portada","item":"https:\/\/fosfatosdelhuila.com\/fhportal\/"},{"@type":"ListItem","position":2,"name":"Cont\u00e1ctenos"}]},{"@type":"WebSite","@id":"https:\/\/fosfatosdelhuila.com\/fhportal\/#website","url":"https:\/\/fosfatosdelhuila.com\/fhportal\/","name":"Fosfatos del Huila S.A.","description":"Empresa productora y comercializadora de fertilizantes","publisher":{"@id":"https:\/\/fosfatosdelhuila.com\/fhportal\/#organization"},"potentialAction":[{"@type":"SearchAction","target":{"@type":"EntryPoint","urlTemplate":"https:\/\/fosfatosdelhuila.com\/fhportal\/?s={search_term_string}"},"query-input":{"@type":"PropertyValueSpecification","valueRequired":true,"valueName":"search_term_string"}}],"inLanguage":"es"},{"@type":"Organization","@id":"https:\/\/fosfatosdelhuila.com\/fhportal\/#organization","name":"Empresa de Fosfatos del Huila S.A.","url":"https:\/\/fosfatosdelhuila.com\/fhportal\/","logo":{"@type":"ImageObject","inLanguage":"es","@id":"https:\/\/fosfatosdelhuila.com\/fhportal\/#\/schema\/logo\/image\/","url":"https:\/\/fosfatosdelhuila.com\/fhportal\/wp-content\/uploads\/2013\/11\/logo1.jpg","contentUrl":"https:\/\/fosfatosdelhuila.com\/fhportal\/wp-content\/uploads\/2013\/11\/logo1.jpg","width":231,"height":110,"caption":"Empresa de Fosfatos del Huila S.A."},"image":{"@id":"https:\/\/fosfatosdelhuila.com\/fhportal\/#\/schema\/logo\/image\/"}}]}},"_links":{"self":[{"href":"https:\/\/fosfatosdelhuila.com\/fhportal\/wp-json\/wp\/v2\/pages\/31","targetHints":{"allow":["GET"]}}],"collection":[{"href":"https:\/\/fosfatosdelhuila.com\/fhportal\/wp-json\/wp\/v2\/pages"}],"about":[{"href":"https:\/\/fosfatosdelhuila.com\/fhportal\/wp-json\/wp\/v2\/types\/page"}],"author":[{"embeddable":true,"href":"https:\/\/fosfatosdelhuila.com\/fhportal\/wp-json\/wp\/v2\/users\/1"}],"replies":[{"embeddable":true,"href":"https:\/\/fosfatosdelhuila.com\/fhportal\/wp-json\/wp\/v2\/comments?post=31"}],"version-history":[{"count":3,"href":"https:\/\/fosfatosdelhuila.com\/fhportal\/wp-json\/wp\/v2\/pages\/31\/revisions"}],"predecessor-version":[{"id":2446,"href":"https:\/\/fosfatosdelhuila.com\/fhportal\/wp-json\/wp\/v2\/pages\/31\/revisions\/2446"}],"wp:attachment":[{"href":"https:\/\/fosfatosdelhuila.com\/fhportal\/wp-json\/wp\/v2\/media?parent=31"}],"curies":[{"name":"wp","href":"https:\/\/api.w.org\/{rel}","templated":true}]}}