{"id":768,"date":"2016-11-24T10:45:30","date_gmt":"2016-11-24T15:45:30","guid":{"rendered":"http:\/\/fosfatosdelhuila.com\/fhportal\/?page_id=768"},"modified":"2025-01-20T16:08:58","modified_gmt":"2025-01-20T21:08:58","slug":"proteccion-de-datos","status":"publish","type":"page","link":"https:\/\/fosfatosdelhuila.com\/fhportal\/proteccion-de-datos\/","title":{"rendered":"Protecci\u00f3n de datos"},"content":{"rendered":"<p style=\"text-align: justify;\">De conformidad con lo dispuesto en la Constituci\u00f3n Pol\u00edtica, la Ley 1581 de 2012, el Decreto Reglamentario 1377 de 2013 y dem\u00e1s disposiciones complementarias, la EMPRESA DE FOSFATOS DEL HUILA S.A. aplicara la presente pol\u00edtica de tratamiento de datos personales con respecto de la recolecci\u00f3n, almacenamiento, uso, circulaci\u00f3n, supresi\u00f3n y de todas aquellas actividades que constituyan tratamiento de datos personales.<\/p>\n<p><a href=\"https:\/\/fosfatosdelhuila.com\/fhportal\/wp-content\/uploads\/2016\/11\/POL\u00cdTICA-DE-TRATAMIENTO-DE-DATOS-PERSONALES-OFICIAL.pdf\" target=\"_blank\" rel=\"attachment noopener wp-att-96\"><img loading=\"lazy\" decoding=\"async\" class=\"alignleft wp-image-96 size-full\" src=\"https:\/\/fosfatosdelhuila.com\/fhportal\/wp-content\/uploads\/2013\/11\/descarga.jpg\" alt=\"descarga\" width=\"38\" height=\"34\" \/><\/a><\/p>\n<p><a href=\"https:\/\/fosfatosdelhuila.com\/fhportal\/wp-content\/uploads\/2025\/01\/POLITICA-DE-TRATAMIENTO-DE-DATOS-PERSONALES-OFICIAL.pdf\" target=\"_blank\" rel=\"noopener\">POL\u00cdTICA DE TRATAMIENTO DE DATOS PERSONALES OFICIAL<\/a><\/p>\n","protected":false},"excerpt":{"rendered":"<p>De conformidad con lo dispuesto en la Constituci\u00f3n Pol\u00edtica, la Ley 1581 de 2012, el Decreto Reglamentario 1377 de 2013 y dem\u00e1s disposiciones complementarias, la EMPRESA DE FOSFATOS DEL HUILA S.A. aplicara la presente pol\u00edtica de tratamiento de datos personales con respecto de la recolecci\u00f3n, almacenamiento, uso, circulaci\u00f3n, supresi\u00f3n y de todas aquellas actividades que<a href=\"https:\/\/fosfatosdelhuila.com\/fhportal\/proteccion-de-datos\/\" class=\"read-more\">Read More &#8230;<\/a><\/p>\n","protected":false},"author":1,"featured_media":0,"parent":0,"menu_order":0,"comment_status":"closed","ping_status":"closed","template":"","meta":{"footnotes":""},"class_list":["post-768","page","type-page","status-publish","hentry"],"yoast_head":"<!-- This site is optimized with the Yoast SEO plugin v26.6 - https:\/\/yoast.com\/wordpress\/plugins\/seo\/ -->\n<title>Protecci\u00f3n de datos - Fosfatos del Huila S.A.<\/title>\n<meta name=\"robots\" content=\"index, follow, max-snippet:-1, max-image-preview:large, max-video-preview:-1\" \/>\n<link rel=\"canonical\" href=\"https:\/\/fosfatosdelhuila.com\/fhportal\/proteccion-de-datos\/\" \/>\n<meta property=\"og:locale\" content=\"es_ES\" \/>\n<meta property=\"og:type\" content=\"article\" \/>\n<meta property=\"og:title\" content=\"Protecci\u00f3n de datos - Fosfatos del Huila S.A.\" \/>\n<meta property=\"og:description\" content=\"De conformidad con lo dispuesto en la Constituci\u00f3n Pol\u00edtica, la Ley 1581 de 2012, el Decreto Reglamentario 1377 de 2013 y dem\u00e1s disposiciones complementarias, la EMPRESA DE FOSFATOS DEL HUILA S.A. aplicara la presente pol\u00edtica de tratamiento de datos personales con respecto de la recolecci\u00f3n, almacenamiento, uso, circulaci\u00f3n, supresi\u00f3n y de todas aquellas actividades queRead More ...\" \/>\n<meta property=\"og:url\" content=\"https:\/\/fosfatosdelhuila.com\/fhportal\/proteccion-de-datos\/\" \/>\n<meta property=\"og:site_name\" content=\"Fosfatos del Huila S.A.\" \/>\n<meta property=\"article:modified_time\" content=\"2025-01-20T21:08:58+00:00\" \/>\n<meta property=\"og:image\" content=\"http:\/\/fosfatosdelhuila.com\/fhportal\/wp-content\/uploads\/2013\/11\/descarga.jpg\" \/>\n<meta name=\"twitter:card\" content=\"summary_large_image\" \/>\n<meta name=\"twitter:label1\" content=\"Tiempo de lectura\" \/>\n\t<meta name=\"twitter:data1\" content=\"1 minuto\" \/>\n<script type=\"application\/ld+json\" class=\"yoast-schema-graph\">{\"@context\":\"https:\/\/schema.org\",\"@graph\":[{\"@type\":\"WebPage\",\"@id\":\"https:\/\/fosfatosdelhuila.com\/fhportal\/proteccion-de-datos\/\",\"url\":\"https:\/\/fosfatosdelhuila.com\/fhportal\/proteccion-de-datos\/\",\"name\":\"Protecci\u00f3n de datos - Fosfatos del Huila S.A.\",\"isPartOf\":{\"@id\":\"https:\/\/fosfatosdelhuila.com\/fhportal\/#website\"},\"primaryImageOfPage\":{\"@id\":\"https:\/\/fosfatosdelhuila.com\/fhportal\/proteccion-de-datos\/#primaryimage\"},\"image\":{\"@id\":\"https:\/\/fosfatosdelhuila.com\/fhportal\/proteccion-de-datos\/#primaryimage\"},\"thumbnailUrl\":\"http:\/\/fosfatosdelhuila.com\/fhportal\/wp-content\/uploads\/2013\/11\/descarga.jpg\",\"datePublished\":\"2016-11-24T15:45:30+00:00\",\"dateModified\":\"2025-01-20T21:08:58+00:00\",\"breadcrumb\":{\"@id\":\"https:\/\/fosfatosdelhuila.com\/fhportal\/proteccion-de-datos\/#breadcrumb\"},\"inLanguage\":\"es\",\"potentialAction\":[{\"@type\":\"ReadAction\",\"target\":[\"https:\/\/fosfatosdelhuila.com\/fhportal\/proteccion-de-datos\/\"]}]},{\"@type\":\"ImageObject\",\"inLanguage\":\"es\",\"@id\":\"https:\/\/fosfatosdelhuila.com\/fhportal\/proteccion-de-datos\/#primaryimage\",\"url\":\"http:\/\/fosfatosdelhuila.com\/fhportal\/wp-content\/uploads\/2013\/11\/descarga.jpg\",\"contentUrl\":\"http:\/\/fosfatosdelhuila.com\/fhportal\/wp-content\/uploads\/2013\/11\/descarga.jpg\"},{\"@type\":\"BreadcrumbList\",\"@id\":\"https:\/\/fosfatosdelhuila.com\/fhportal\/proteccion-de-datos\/#breadcrumb\",\"itemListElement\":[{\"@type\":\"ListItem\",\"position\":1,\"name\":\"Portada\",\"item\":\"https:\/\/fosfatosdelhuila.com\/fhportal\/\"},{\"@type\":\"ListItem\",\"position\":2,\"name\":\"Protecci\u00f3n de datos\"}]},{\"@type\":\"WebSite\",\"@id\":\"https:\/\/fosfatosdelhuila.com\/fhportal\/#website\",\"url\":\"https:\/\/fosfatosdelhuila.com\/fhportal\/\",\"name\":\"Fosfatos del Huila S.A.\",\"description\":\"Empresa productora y comercializadora de fertilizantes\",\"publisher\":{\"@id\":\"https:\/\/fosfatosdelhuila.com\/fhportal\/#organization\"},\"potentialAction\":[{\"@type\":\"SearchAction\",\"target\":{\"@type\":\"EntryPoint\",\"urlTemplate\":\"https:\/\/fosfatosdelhuila.com\/fhportal\/?s={search_term_string}\"},\"query-input\":{\"@type\":\"PropertyValueSpecification\",\"valueRequired\":true,\"valueName\":\"search_term_string\"}}],\"inLanguage\":\"es\"},{\"@type\":\"Organization\",\"@id\":\"https:\/\/fosfatosdelhuila.com\/fhportal\/#organization\",\"name\":\"Empresa de Fosfatos del Huila S.A.\",\"url\":\"https:\/\/fosfatosdelhuila.com\/fhportal\/\",\"logo\":{\"@type\":\"ImageObject\",\"inLanguage\":\"es\",\"@id\":\"https:\/\/fosfatosdelhuila.com\/fhportal\/#\/schema\/logo\/image\/\",\"url\":\"https:\/\/fosfatosdelhuila.com\/fhportal\/wp-content\/uploads\/2013\/11\/logo1.jpg\",\"contentUrl\":\"https:\/\/fosfatosdelhuila.com\/fhportal\/wp-content\/uploads\/2013\/11\/logo1.jpg\",\"width\":231,\"height\":110,\"caption\":\"Empresa de Fosfatos del Huila S.A.\"},\"image\":{\"@id\":\"https:\/\/fosfatosdelhuila.com\/fhportal\/#\/schema\/logo\/image\/\"}}]}<\/script>\n<!-- \/ Yoast SEO plugin. -->","yoast_head_json":{"title":"Protecci\u00f3n de datos - Fosfatos del Huila S.A.","robots":{"index":"index","follow":"follow","max-snippet":"max-snippet:-1","max-image-preview":"max-image-preview:large","max-video-preview":"max-video-preview:-1"},"canonical":"https:\/\/fosfatosdelhuila.com\/fhportal\/proteccion-de-datos\/","og_locale":"es_ES","og_type":"article","og_title":"Protecci\u00f3n de datos - Fosfatos del Huila S.A.","og_description":"De conformidad con lo dispuesto en la Constituci\u00f3n Pol\u00edtica, la Ley 1581 de 2012, el Decreto Reglamentario 1377 de 2013 y dem\u00e1s disposiciones complementarias, la EMPRESA DE FOSFATOS DEL HUILA S.A. aplicara la presente pol\u00edtica de tratamiento de datos personales con respecto de la recolecci\u00f3n, almacenamiento, uso, circulaci\u00f3n, supresi\u00f3n y de todas aquellas actividades queRead More ...","og_url":"https:\/\/fosfatosdelhuila.com\/fhportal\/proteccion-de-datos\/","og_site_name":"Fosfatos del Huila S.A.","article_modified_time":"2025-01-20T21:08:58+00:00","og_image":[{"url":"http:\/\/fosfatosdelhuila.com\/fhportal\/wp-content\/uploads\/2013\/11\/descarga.jpg","type":"","width":"","height":""}],"twitter_card":"summary_large_image","twitter_misc":{"Tiempo de lectura":"1 minuto"},"schema":{"@context":"https:\/\/schema.org","@graph":[{"@type":"WebPage","@id":"https:\/\/fosfatosdelhuila.com\/fhportal\/proteccion-de-datos\/","url":"https:\/\/fosfatosdelhuila.com\/fhportal\/proteccion-de-datos\/","name":"Protecci\u00f3n de datos - Fosfatos del Huila S.A.","isPartOf":{"@id":"https:\/\/fosfatosdelhuila.com\/fhportal\/#website"},"primaryImageOfPage":{"@id":"https:\/\/fosfatosdelhuila.com\/fhportal\/proteccion-de-datos\/#primaryimage"},"image":{"@id":"https:\/\/fosfatosdelhuila.com\/fhportal\/proteccion-de-datos\/#primaryimage"},"thumbnailUrl":"http:\/\/fosfatosdelhuila.com\/fhportal\/wp-content\/uploads\/2013\/11\/descarga.jpg","datePublished":"2016-11-24T15:45:30+00:00","dateModified":"2025-01-20T21:08:58+00:00","breadcrumb":{"@id":"https:\/\/fosfatosdelhuila.com\/fhportal\/proteccion-de-datos\/#breadcrumb"},"inLanguage":"es","potentialAction":[{"@type":"ReadAction","target":["https:\/\/fosfatosdelhuila.com\/fhportal\/proteccion-de-datos\/"]}]},{"@type":"ImageObject","inLanguage":"es","@id":"https:\/\/fosfatosdelhuila.com\/fhportal\/proteccion-de-datos\/#primaryimage","url":"http:\/\/fosfatosdelhuila.com\/fhportal\/wp-content\/uploads\/2013\/11\/descarga.jpg","contentUrl":"http:\/\/fosfatosdelhuila.com\/fhportal\/wp-content\/uploads\/2013\/11\/descarga.jpg"},{"@type":"BreadcrumbList","@id":"https:\/\/fosfatosdelhuila.com\/fhportal\/proteccion-de-datos\/#breadcrumb","itemListElement":[{"@type":"ListItem","position":1,"name":"Portada","item":"https:\/\/fosfatosdelhuila.com\/fhportal\/"},{"@type":"ListItem","position":2,"name":"Protecci\u00f3n de datos"}]},{"@type":"WebSite","@id":"https:\/\/fosfatosdelhuila.com\/fhportal\/#website","url":"https:\/\/fosfatosdelhuila.com\/fhportal\/","name":"Fosfatos del Huila S.A.","description":"Empresa productora y comercializadora de fertilizantes","publisher":{"@id":"https:\/\/fosfatosdelhuila.com\/fhportal\/#organization"},"potentialAction":[{"@type":"SearchAction","target":{"@type":"EntryPoint","urlTemplate":"https:\/\/fosfatosdelhuila.com\/fhportal\/?s={search_term_string}"},"query-input":{"@type":"PropertyValueSpecification","valueRequired":true,"valueName":"search_term_string"}}],"inLanguage":"es"},{"@type":"Organization","@id":"https:\/\/fosfatosdelhuila.com\/fhportal\/#organization","name":"Empresa de Fosfatos del Huila S.A.","url":"https:\/\/fosfatosdelhuila.com\/fhportal\/","logo":{"@type":"ImageObject","inLanguage":"es","@id":"https:\/\/fosfatosdelhuila.com\/fhportal\/#\/schema\/logo\/image\/","url":"https:\/\/fosfatosdelhuila.com\/fhportal\/wp-content\/uploads\/2013\/11\/logo1.jpg","contentUrl":"https:\/\/fosfatosdelhuila.com\/fhportal\/wp-content\/uploads\/2013\/11\/logo1.jpg","width":231,"height":110,"caption":"Empresa de Fosfatos del Huila S.A."},"image":{"@id":"https:\/\/fosfatosdelhuila.com\/fhportal\/#\/schema\/logo\/image\/"}}]}},"_links":{"self":[{"href":"https:\/\/fosfatosdelhuila.com\/fhportal\/wp-json\/wp\/v2\/pages\/768","targetHints":{"allow":["GET"]}}],"collection":[{"href":"https:\/\/fosfatosdelhuila.com\/fhportal\/wp-json\/wp\/v2\/pages"}],"about":[{"href":"https:\/\/fosfatosdelhuila.com\/fhportal\/wp-json\/wp\/v2\/types\/page"}],"author":[{"embeddable":true,"href":"https:\/\/fosfatosdelhuila.com\/fhportal\/wp-json\/wp\/v2\/users\/1"}],"replies":[{"embeddable":true,"href":"https:\/\/fosfatosdelhuila.com\/fhportal\/wp-json\/wp\/v2\/comments?post=768"}],"version-history":[{"count":5,"href":"https:\/\/fosfatosdelhuila.com\/fhportal\/wp-json\/wp\/v2\/pages\/768\/revisions"}],"predecessor-version":[{"id":2527,"href":"https:\/\/fosfatosdelhuila.com\/fhportal\/wp-json\/wp\/v2\/pages\/768\/revisions\/2527"}],"wp:attachment":[{"href":"https:\/\/fosfatosdelhuila.com\/fhportal\/wp-json\/wp\/v2\/media?parent=768"}],"curies":[{"name":"wp","href":"https:\/\/api.w.org\/{rel}","templated":true}]}}